{"id":516,"date":"2022-07-30T22:00:38","date_gmt":"2022-07-30T20:00:38","guid":{"rendered":"https:\/\/test.rv-bad-driburg.de\/?page_id=516"},"modified":"2023-10-05T17:04:51","modified_gmt":"2023-10-05T15:04:51","slug":"ueber-uns","status":"publish","type":"page","link":"https:\/\/www.rv-bad-driburg.de\/index.php\/ueber-uns\/","title":{"rendered":"\u00dcber uns"},"content":{"rendered":"<div class=\"fusion-fullwidth fullwidth-box fusion-builder-row-1 fusion-flex-container has-pattern-background has-mask-background nonhundred-percent-fullwidth non-hundred-percent-height-scrolling\" style=\"--awb-border-radius-top-left:0px;--awb-border-radius-top-right:0px;--awb-border-radius-bottom-right:0px;--awb-border-radius-bottom-left:0px;--awb-flex-wrap:wrap;\" ><div class=\"fusion-builder-row fusion-row fusion-flex-align-items-flex-start fusion-flex-content-wrap\" style=\"max-width:1248px;margin-left: calc(-4% \/ 2 );margin-right: calc(-4% \/ 2 );\"><div class=\"fusion-layout-column fusion_builder_column fusion-builder-column-0 fusion_builder_column_1_1 1_1 fusion-flex-column\" style=\"--awb-bg-size:cover;--awb-width-large:100%;--awb-margin-top-large:0px;--awb-spacing-right-large:1.92%;--awb-margin-bottom-large:20px;--awb-spacing-left-large:1.92%;--awb-width-medium:100%;--awb-order-medium:0;--awb-spacing-right-medium:1.92%;--awb-spacing-left-medium:1.92%;--awb-width-small:100%;--awb-order-small:0;--awb-spacing-right-small:1.92%;--awb-spacing-left-small:1.92%;\"><div class=\"fusion-column-wrapper fusion-column-has-shadow fusion-flex-justify-content-flex-start fusion-content-layout-column\"><div class=\"fusion-text fusion-text-1\"><h2>\u00dcber uns<\/h2>\n<\/div><\/div><\/div><div class=\"fusion-layout-column fusion_builder_column fusion-builder-column-1 fusion_builder_column_1_2 1_2 fusion-flex-column\" style=\"--awb-bg-size:cover;--awb-width-large:50%;--awb-margin-top-large:0px;--awb-spacing-right-large:3.84%;--awb-margin-bottom-large:20px;--awb-spacing-left-large:3.84%;--awb-width-medium:50%;--awb-order-medium:0;--awb-spacing-right-medium:3.84%;--awb-spacing-left-medium:3.84%;--awb-width-small:100%;--awb-order-small:0;--awb-spacing-right-small:1.92%;--awb-spacing-left-small:1.92%;\"><div class=\"fusion-column-wrapper fusion-column-has-shadow fusion-flex-justify-content-flex-start fusion-content-layout-column\"><div class=\"fusion-text fusion-text-2\"><p>Der Reiterverein Bad Driburg e.V. wurde im Jahr 1972 gegr\u00fcndet. Er bietet seinen Mitgliedern ein breit gef\u00e4chertes Angebot an Reitsportm\u00f6glichkeiten. Von Dressur- und Springreiten \u00fcber Voltigieren und Longenstunden bis hin zum Horsemanship.<\/p>\n<p>Zudem finden zahlreiche au\u00dfersportliche Veranstaltungen innerhalb des Vereins statt, denn der Verein versteht sich nicht nur als reiner Reitbetrieb, sondern auch als Bildungsort.<\/p>\n<p>Die vielen Kinder und jugendlichen Mitglieder sind in einer sehr engagierten Jugendabteilung organisiert. Die Jugendlichen von heute sind unsere Reiter von morgen, daher wird in unserem Verein die Jugendarbeit sehr gro\u00df geschrieben.<\/p>\n<p>\u00dcber einen Besuch unserer Anlage freuen wir uns immer sehr!<\/p>\n<\/div><\/div><\/div><div class=\"fusion-layout-column fusion_builder_column fusion-builder-column-2 fusion_builder_column_1_2 1_2 fusion-flex-column\" style=\"--awb-bg-size:cover;--awb-width-large:50%;--awb-margin-top-large:0px;--awb-spacing-right-large:3.84%;--awb-margin-bottom-large:20px;--awb-spacing-left-large:3.84%;--awb-width-medium:50%;--awb-order-medium:0;--awb-spacing-right-medium:3.84%;--awb-spacing-left-medium:3.84%;--awb-width-small:100%;--awb-order-small:0;--awb-spacing-right-small:1.92%;--awb-spacing-left-small:1.92%;\"><div class=\"fusion-column-wrapper fusion-column-has-shadow fusion-flex-justify-content-flex-start fusion-content-layout-column\"><div class=\"fusion-image-element \" style=\"--awb-caption-title-font-family:var(--h2_typography-font-family);--awb-caption-title-font-weight:var(--h2_typography-font-weight);--awb-caption-title-font-style:var(--h2_typography-font-style);--awb-caption-title-size:var(--h2_typography-font-size);--awb-caption-title-transform:var(--h2_typography-text-transform);--awb-caption-title-line-height:var(--h2_typography-line-height);--awb-caption-title-letter-spacing:var(--h2_typography-letter-spacing);\"><span class=\" fusion-imageframe imageframe-none imageframe-1 hover-type-none\"><img decoding=\"async\" width=\"1024\" height=\"683\" title=\"qQnZUZuY\" src=\"https:\/\/www.rv-bad-driburg.de\/wp-content\/uploads\/2023\/10\/qQnZUZuY-1024x683.jpeg\" alt class=\"img-responsive wp-image-6141\" srcset=\"https:\/\/www.rv-bad-driburg.de\/wp-content\/uploads\/2023\/10\/qQnZUZuY-200x133.jpeg 200w, https:\/\/www.rv-bad-driburg.de\/wp-content\/uploads\/2023\/10\/qQnZUZuY-400x267.jpeg 400w, https:\/\/www.rv-bad-driburg.de\/wp-content\/uploads\/2023\/10\/qQnZUZuY-600x400.jpeg 600w, https:\/\/www.rv-bad-driburg.de\/wp-content\/uploads\/2023\/10\/qQnZUZuY-800x533.jpeg 800w, https:\/\/www.rv-bad-driburg.de\/wp-content\/uploads\/2023\/10\/qQnZUZuY-1200x800.jpeg 1200w\" sizes=\"(max-width: 640px) 100vw, 600px\" \/><\/span><\/div><\/div><\/div><\/div><\/div>\n","protected":false},"excerpt":{"rendered":"","protected":false},"author":2,"featured_media":0,"parent":0,"menu_order":0,"comment_status":"closed","ping_status":"closed","template":"","meta":{"footnotes":""},"class_list":["post-516","page","type-page","status-publish","hentry"],"_links":{"self":[{"href":"https:\/\/www.rv-bad-driburg.de\/index.php\/wp-json\/wp\/v2\/pages\/516","targetHints":{"allow":["GET"]}}],"collection":[{"href":"https:\/\/www.rv-bad-driburg.de\/index.php\/wp-json\/wp\/v2\/pages"}],"about":[{"href":"https:\/\/www.rv-bad-driburg.de\/index.php\/wp-json\/wp\/v2\/types\/page"}],"author":[{"embeddable":true,"href":"https:\/\/www.rv-bad-driburg.de\/index.php\/wp-json\/wp\/v2\/users\/2"}],"replies":[{"embeddable":true,"href":"https:\/\/www.rv-bad-driburg.de\/index.php\/wp-json\/wp\/v2\/comments?post=516"}],"version-history":[{"count":5,"href":"https:\/\/www.rv-bad-driburg.de\/index.php\/wp-json\/wp\/v2\/pages\/516\/revisions"}],"predecessor-version":[{"id":6142,"href":"https:\/\/www.rv-bad-driburg.de\/index.php\/wp-json\/wp\/v2\/pages\/516\/revisions\/6142"}],"wp:attachment":[{"href":"https:\/\/www.rv-bad-driburg.de\/index.php\/wp-json\/wp\/v2\/media?parent=516"}],"curies":[{"name":"wp","href":"https:\/\/api.w.org\/{rel}","templated":true}]}}