{"id":46,"date":"2021-06-30T20:56:24","date_gmt":"2021-06-30T18:56:24","guid":{"rendered":"http:\/\/test.rv-bad-driburg.de\/?page_id=46"},"modified":"2025-02-11T08:41:05","modified_gmt":"2025-02-11T07:41:05","slug":"startseite","status":"publish","type":"page","link":"https:\/\/www.rv-bad-driburg.de\/","title":{"rendered":"Startseite"},"content":{"rendered":"<div class=\"fusion-fullwidth fullwidth-box fusion-builder-row-1 fusion-flex-container nonhundred-percent-fullwidth non-hundred-percent-height-scrolling\" style=\"--awb-border-radius-top-left:0px;--awb-border-radius-top-right:0px;--awb-border-radius-bottom-right:0px;--awb-border-radius-bottom-left:0px;--awb-flex-wrap:wrap;\" ><div class=\"fusion-builder-row fusion-row fusion-flex-align-items-flex-start fusion-flex-content-wrap\" style=\"max-width:1248px;margin-left: calc(-4% \/ 2 );margin-right: calc(-4% \/ 2 );\"><div class=\"fusion-layout-column fusion_builder_column fusion-builder-column-0 fusion_builder_column_1_1 1_1 fusion-flex-column\" style=\"--awb-bg-size:cover;--awb-width-large:100%;--awb-margin-top-large:0px;--awb-spacing-right-large:1.92%;--awb-margin-bottom-large:20px;--awb-spacing-left-large:1.92%;--awb-width-medium:100%;--awb-order-medium:0;--awb-spacing-right-medium:1.92%;--awb-spacing-left-medium:1.92%;--awb-width-small:100%;--awb-order-small:0;--awb-spacing-right-small:1.92%;--awb-spacing-left-small:1.92%;\"><div class=\"fusion-column-wrapper fusion-column-has-shadow fusion-flex-justify-content-flex-start fusion-content-layout-column\"><div class=\"fusion-title title fusion-title-1 fusion-sep-none fusion-title-center fusion-title-text fusion-title-size-one\" style=\"--awb-margin-top-small:10px;--awb-margin-right-small:0px;--awb-margin-bottom-small:10px;--awb-margin-left-small:0px;\"><h1 class=\"fusion-title-heading title-heading-center\" style=\"margin:0;\"><h1 style=\"text-align: center;\">Herzlich Willkommen auf der Internetseite des Reitervereins Bad Driburg e.V.<\/h1><\/h1><\/div><div class=\"fusion-text fusion-text-1 fusion-text-no-margin\" style=\"--awb-margin-top:10px;--awb-margin-bottom:10px;\"><div style=\"text-align: left;\">Der Reiterverein Bad Driburg e.V. wurde im Jahr 1972 gegr\u00fcndet. Er bietet seinen Mitgliedern ein breit gef\u00e4chertes Angebot an Reitsportm\u00f6glichkeiten. Von Dressur- und Springreiten \u00fcber Voltigieren und Longenstunden bis hin zum Horsemanship.<\/div>\n<div style=\"text-align: left;\"><\/div>\n<div style=\"text-align: left;\">Zudem finden zahlreiche au\u00dfersportliche Veranstaltungen innerhalb des Vereins statt, denn der Verein versteht sich nicht nur als reiner Reitbetrieb, sondern auch als Bildungsort.<\/div>\n<div style=\"text-align: left;\"><\/div>\n<div style=\"text-align: left;\">Die vielen Kinder und jugendlichen Mitglieder sind in einer sehr engagierten Jugendabteilung organisiert. Die Jugendlichen von heute sind unsere Reiter von morgen, daher wird in unserem Verein die Jugendarbeit sehr gro\u00df geschrieben.<\/div>\n<div style=\"text-align: left;\"><\/div>\n<div style=\"text-align: left;\">\u00dcber einen Besuch unserer Anlage freuen wir uns immer sehr!<\/div>\n<div style=\"text-align: left;\"><\/div>\n<\/div><div class=\"fusion-separator fusion-full-width-sep\" style=\"align-self: center;margin-left: auto;margin-right: auto;width:100%;\"><div class=\"fusion-separator-border sep-double\" style=\"--awb-height:20px;--awb-amount:20px;border-color:var(--awb-color3);border-top-width:1px;border-bottom-width:1px;\"><\/div><\/div><div class=\"fusion-text fusion-text-2\" style=\"--awb-text-transform:none;\"><h3>Aktuelles vom Reiterverein Bad Driburg e.V.<\/h3>\n<\/div><\/div><\/div><div class=\"fusion-layout-column fusion_builder_column fusion-builder-column-1 fusion_builder_column_1_1 1_1 fusion-flex-column\" style=\"--awb-padding-top:20px;--awb-padding-right:20px;--awb-padding-bottom:20px;--awb-padding-left:20px;--awb-bg-size:cover;--awb-border-color:var(--awb-color6);--awb-border-top:2px;--awb-border-right:2px;--awb-border-bottom:2px;--awb-border-left:2px;--awb-border-style:solid;--awb-width-large:100%;--awb-margin-top-large:0px;--awb-spacing-right-large:1.92%;--awb-margin-bottom-large:20px;--awb-spacing-left-large:1.92%;--awb-width-medium:100%;--awb-order-medium:0;--awb-spacing-right-medium:1.92%;--awb-spacing-left-medium:1.92%;--awb-width-small:100%;--awb-order-small:0;--awb-spacing-right-small:1.92%;--awb-spacing-left-small:1.92%;\"><div class=\"fusion-column-wrapper fusion-column-has-shadow fusion-flex-justify-content-flex-start fusion-content-layout-column\"><div class=\"fusion-recent-posts fusion-recent-posts-1 avada-container layout-date-on-side layout-columns-1\" style=\"--h4_typography-font-family:&quot;Akaya Kanadaka&quot;;--h4_typography-font-weight:400;--h4_typography-font-style:normal;--h4_typography-font-size:28px;--h4_typography-letter-spacing:var(--awb-typography2-letter-spacing);--h4_typography-line-height:var(--awb-typography2-line-height);--h4_typography-text-transform:var(--awb-typography2-text-transform);\"><section class=\"fusion-columns columns fusion-columns-1 columns-1\"><article class=\"post fusion-column column col col-lg-12 col-md-12 col-sm-12\"><div class=\"fusion-date-and-formats\"><div class=\"fusion-date-box updated\"><span class=\"fusion-date\">26<\/span><span class=\"fusion-month-year\">03, 2026<\/span><\/div><div class=\"fusion-format-box\"><i class=\"awb-icon-pen\" aria-hidden=\"true\"><\/i><\/div><\/div><div class=\"recent-posts-content\"><h4 class=\"\"><a href=\"https:\/\/www.rv-bad-driburg.de\/index.php\/2026\/03\/26\/ausbildersuche-wir-suchen-dich\/\">Ausbildersuche &#8211; wir suchen Dich!<\/a><\/h4><p class=\"meta\"><span>26. M\u00e4rz 2026<\/span><span class=\"fusion-inline-sep\">|<\/span><a href=\"https:\/\/www.rv-bad-driburg.de\/index.php\/category\/allgemein\/\" rel=\"category tag\">Allgemein<\/a>, <a href=\"https:\/\/www.rv-bad-driburg.de\/index.php\/category\/reiten\/\" rel=\"category tag\">Reiten<\/a><span class=\"fusion-inline-sep\">|<\/span><\/p><div class=\"fusion-fullwidth fullwidth-box fusion-builder-row-1-1 fusion-flex-container has-pattern-background has-mask-background nonhundred-percent-fullwidth non-hundred-percent-height-scrolling\" style=\"--awb-border-radius-top-left:0px;--awb-border-radius-top-right:0px;--awb-border-radius-bottom-right:0px;--awb-border-radius-bottom-left:0px;--awb-flex-wrap:wrap;\" ><div class=\"fusion-builder-row fusion-row fusion-flex-align-items-flex-start fusion-flex-content-wrap\" style=\"width:104% !important;max-width:104% !important;margin-left: calc(-4% \/ 2 );margin-right: calc(-4% \/ 2 );\"><div class=\"fusion-layout-column fusion_builder_column fusion-builder-column-2 fusion_builder_column_1_2 1_2 fusion-flex-column\" style=\"--awb-bg-size:cover;--awb-width-large:50%;--awb-flex-grow:0;--awb-flex-shrink:0;--awb-margin-top-large:0px;--awb-spacing-right-large:3.84%;--awb-margin-bottom-large:20px;--awb-spacing-left-large:3.84%;--awb-width-medium:50%;--awb-order-medium:0;--awb-flex-grow-medium:0;--awb-flex-shrink-medium:0;--awb-spacing-right-medium:3.84%;--awb-spacing-left-medium:3.84%;--awb-width-small:100%;--awb-order-small:0;--awb-flex-grow-small:0;--awb-flex-shrink-small:0;--awb-spacing-right-small:1.92%;--awb-spacing-left-small:1.92%;\"><div class=\"fusion-column-wrapper fusion-column-has-shadow fusion-flex-justify-content-flex-start fusion-content-layout-column\"><div class=\"fusion-text fusion-text-3\"><p class=\"moz-quote-pre\">Wir suchen DICH!<\/p>\n<p class=\"moz-quote-pre\">Komm in unser Ausbilderteam, wenn du Spa\u00df hast an einer harmonischen Vereinsgemeinschaft, gut versorgten Schulpferden, netten und engagierten Reitsch\u00fclerInnen und vor allem am \u2026 \u2026 UNTERRICHTEN \ud83e\udd73<\/p>\n<p class=\"moz-quote-pre\">Interesse geweckt? Dann melde dich gern bei uns! \ud83d\udc34 Wir freuen uns auf DICH! \ud83d\udc99\ud83d\udc9b<\/p>\n<\/div><\/div><\/div><div class=\"fusion-layout-column fusion_builder_column fusion-builder-column-3 fusion_builder_column_1_2 1_2 fusion-flex-column\" style=\"--awb-bg-size:cover;--awb-width-large:50%;--awb-flex-grow:0;--awb-flex-shrink:0;--awb-margin-top-large:0px;--awb-spacing-right-large:3.84%;--awb-margin-bottom-large:20px;--awb-spacing-left-large:3.84%;--awb-width-medium:50%;--awb-order-medium:0;--awb-flex-grow-medium:0;--awb-flex-shrink-medium:0;--awb-spacing-right-medium:3.84%;--awb-spacing-left-medium:3.84%;--awb-width-small:100%;--awb-order-small:0;--awb-flex-grow-small:0;--awb-flex-shrink-small:0;--awb-spacing-right-small:1.92%;--awb-spacing-left-small:1.92%;\"><div class=\"fusion-column-wrapper fusion-column-has-shadow fusion-flex-justify-content-flex-start fusion-content-layout-column\"><div class=\"fusion-image-element \" style=\"--awb-caption-title-font-family:var(--h2_typography-font-family);--awb-caption-title-font-weight:var(--h2_typography-font-weight);--awb-caption-title-font-style:var(--h2_typography-font-style);--awb-caption-title-size:var(--h2_typography-font-size);--awb-caption-title-transform:var(--h2_typography-text-transform);--awb-caption-title-line-height:var(--h2_typography-line-height);--awb-caption-title-letter-spacing:var(--h2_typography-letter-spacing);\"><span class=\" fusion-imageframe imageframe-none imageframe-1 hover-type-none\"><img decoding=\"async\" width=\"1588\" height=\"2245\" title=\"Ausbildersuche\" src=\"https:\/\/www.rv-bad-driburg.de\/wp-content\/uploads\/2026\/03\/Ausbildersuche.jpeg\" alt class=\"img-responsive wp-image-7597\" srcset=\"https:\/\/www.rv-bad-driburg.de\/wp-content\/uploads\/2026\/03\/Ausbildersuche-200x283.jpeg 200w, https:\/\/www.rv-bad-driburg.de\/wp-content\/uploads\/2026\/03\/Ausbildersuche-400x565.jpeg 400w, https:\/\/www.rv-bad-driburg.de\/wp-content\/uploads\/2026\/03\/Ausbildersuche-600x848.jpeg 600w, https:\/\/www.rv-bad-driburg.de\/wp-content\/uploads\/2026\/03\/Ausbildersuche-800x1131.jpeg 800w, https:\/\/www.rv-bad-driburg.de\/wp-content\/uploads\/2026\/03\/Ausbildersuche-1200x1696.jpeg 1200w, https:\/\/www.rv-bad-driburg.de\/wp-content\/uploads\/2026\/03\/Ausbildersuche.jpeg 1588w\" sizes=\"(max-width: 640px) 100vw, 600px\" \/><\/span><\/div><\/div><\/div><\/div><\/div>\n<\/div><\/article><\/section><\/div><\/div><\/div><div class=\"fusion-layout-column fusion_builder_column fusion-builder-column-4 fusion_builder_column_1_1 1_1 fusion-flex-column\" style=\"--awb-bg-size:cover;--awb-width-large:100%;--awb-flex-grow:0;--awb-flex-shrink:0;--awb-margin-top-large:0px;--awb-spacing-right-large:1.92%;--awb-margin-bottom-large:20px;--awb-spacing-left-large:1.92%;--awb-width-medium:100%;--awb-order-medium:0;--awb-flex-grow-medium:0;--awb-flex-shrink-medium:0;--awb-spacing-right-medium:1.92%;--awb-spacing-left-medium:1.92%;--awb-width-small:100%;--awb-order-small:0;--awb-flex-grow-small:0;--awb-flex-shrink-small:0;--awb-spacing-right-small:1.92%;--awb-spacing-left-small:1.92%;\"><div class=\"fusion-column-wrapper fusion-column-has-shadow fusion-flex-justify-content-flex-start fusion-content-layout-column\"><div class=\"fusion-recent-posts fusion-recent-posts-2 avada-container layout-default layout-columns-5 fusion-recent-posts-center\"><section class=\"fusion-columns columns fusion-columns-5 columns-5\"><article class=\"post fusion-column column col-lg-2 col-md-2 col-sm-2\"><div class=\"fusion-flexslider fusion-flexslider-loading flexslider flexslider-hover-type-none\"><ul class=\"slides\"><li><a href=\"https:\/\/www.rv-bad-driburg.de\/index.php\/2026\/02\/09\/jugendversammlung-und-eislaufen\/\" aria-label=\"Jugendversammlung und Eislaufen\" class=\"hover-type-none\"><img decoding=\"async\" width=\"248\" height=\"248\" src=\"https:\/\/www.rv-bad-driburg.de\/wp-content\/uploads\/2021\/06\/cropped-Schild-Reithalle-12700-x-1500-mm-2.jpg\" class=\"attachment-recent-posts size-recent-posts\" alt=\"\" srcset=\"https:\/\/www.rv-bad-driburg.de\/wp-content\/uploads\/2021\/06\/cropped-Schild-Reithalle-12700-x-1500-mm-2-150x150.jpg 150w, https:\/\/www.rv-bad-driburg.de\/wp-content\/uploads\/2021\/06\/cropped-Schild-Reithalle-12700-x-1500-mm-2.jpg 248w\" sizes=\"(max-width: 248px) 100vw, 248px\" \/><\/a><\/li><\/ul><\/div><div class=\"recent-posts-content\"><h4 class=\"\"><a href=\"https:\/\/www.rv-bad-driburg.de\/index.php\/2026\/02\/09\/jugendversammlung-und-eislaufen\/\">Jugendversammlung und Eislaufen<\/a><\/h4><p class=\"meta\"><span>9. Februar 2026<\/span><span class=\"fusion-inline-sep\">|<\/span><a href=\"https:\/\/www.rv-bad-driburg.de\/index.php\/category\/allgemein\/\" rel=\"category tag\">Allgemein<\/a>, <a href=\"https:\/\/www.rv-bad-driburg.de\/index.php\/category\/jugend\/\" rel=\"category tag\">Jugend<\/a><span class=\"fusion-inline-sep\">|<\/span><\/p><\/div><\/article><article class=\"post fusion-column column col-lg-2 col-md-2 col-sm-2\"><div class=\"fusion-flexslider fusion-flexslider-loading flexslider flexslider-hover-type-none\"><ul class=\"slides\"><li><a href=\"https:\/\/www.rv-bad-driburg.de\/index.php\/2026\/02\/02\/stangenlehrgang-bei-natascha-rodehutskors\/\" aria-label=\"Stangenlehrgang bei Natascha Rodehutskors\" class=\"hover-type-none\"><img decoding=\"async\" width=\"700\" height=\"441\" src=\"https:\/\/www.rv-bad-driburg.de\/wp-content\/uploads\/2026\/03\/Stangenlehrgang0226-700x441.png\" class=\"attachment-recent-posts size-recent-posts\" alt=\"\" srcset=\"https:\/\/www.rv-bad-driburg.de\/wp-content\/uploads\/2026\/03\/Stangenlehrgang0226-320x202.png 320w, https:\/\/www.rv-bad-driburg.de\/wp-content\/uploads\/2026\/03\/Stangenlehrgang0226-700x441.png 700w\" sizes=\"(max-width: 700px) 100vw, 700px\" \/><\/a><\/li><\/ul><\/div><div class=\"recent-posts-content\"><h4 class=\"\"><a href=\"https:\/\/www.rv-bad-driburg.de\/index.php\/2026\/02\/02\/stangenlehrgang-bei-natascha-rodehutskors\/\">Stangenlehrgang bei Natascha Rodehutskors<\/a><\/h4><p class=\"meta\"><span>2. Februar 2026<\/span><span class=\"fusion-inline-sep\">|<\/span><a href=\"https:\/\/www.rv-bad-driburg.de\/index.php\/category\/allgemein\/\" rel=\"category tag\">Allgemein<\/a>, <a href=\"https:\/\/www.rv-bad-driburg.de\/index.php\/category\/reiten\/\" rel=\"category tag\">Reiten<\/a><span class=\"fusion-inline-sep\">|<\/span><\/p><\/div><\/article><article class=\"post fusion-column column col-lg-2 col-md-2 col-sm-2\"><div class=\"fusion-flexslider fusion-flexslider-loading flexslider flexslider-hover-type-none\"><ul class=\"slides\"><li><a href=\"https:\/\/www.rv-bad-driburg.de\/index.php\/2026\/01\/01\/frohes-neues-jahr\/\" aria-label=\"Frohes Neues Jahr!\" class=\"hover-type-none\"><img decoding=\"async\" width=\"700\" height=\"441\" src=\"https:\/\/www.rv-bad-driburg.de\/wp-content\/uploads\/2026\/03\/image0-700x441.jpeg\" class=\"attachment-recent-posts size-recent-posts\" alt=\"\" srcset=\"https:\/\/www.rv-bad-driburg.de\/wp-content\/uploads\/2026\/03\/image0-320x202.jpeg 320w, https:\/\/www.rv-bad-driburg.de\/wp-content\/uploads\/2026\/03\/image0-700x441.jpeg 700w\" sizes=\"(max-width: 700px) 100vw, 700px\" \/><\/a><\/li><\/ul><\/div><div class=\"recent-posts-content\"><h4 class=\"\"><a href=\"https:\/\/www.rv-bad-driburg.de\/index.php\/2026\/01\/01\/frohes-neues-jahr\/\">Frohes Neues Jahr!<\/a><\/h4><p class=\"meta\"><span>1. Januar 2026<\/span><span class=\"fusion-inline-sep\">|<\/span><a href=\"https:\/\/www.rv-bad-driburg.de\/index.php\/category\/allgemein\/\" rel=\"category tag\">Allgemein<\/a><span class=\"fusion-inline-sep\">|<\/span><\/p><\/div><\/article><article class=\"post fusion-column column col-lg-2 col-md-2 col-sm-2\"><div class=\"fusion-flexslider fusion-flexslider-loading flexslider flexslider-hover-type-none\"><ul class=\"slides\"><li><a href=\"https:\/\/www.rv-bad-driburg.de\/index.php\/2026\/01\/01\/jahresrueckblick-2025\/\" aria-label=\"Jahresr\u00fcckblick 2025\" class=\"hover-type-none\"><img decoding=\"async\" width=\"248\" height=\"248\" src=\"https:\/\/www.rv-bad-driburg.de\/wp-content\/uploads\/2021\/06\/cropped-Schild-Reithalle-12700-x-1500-mm-2.jpg\" class=\"attachment-recent-posts size-recent-posts\" alt=\"\" srcset=\"https:\/\/www.rv-bad-driburg.de\/wp-content\/uploads\/2021\/06\/cropped-Schild-Reithalle-12700-x-1500-mm-2-150x150.jpg 150w, https:\/\/www.rv-bad-driburg.de\/wp-content\/uploads\/2021\/06\/cropped-Schild-Reithalle-12700-x-1500-mm-2.jpg 248w\" sizes=\"(max-width: 248px) 100vw, 248px\" \/><\/a><\/li><\/ul><\/div><div class=\"recent-posts-content\"><h4 class=\"\"><a href=\"https:\/\/www.rv-bad-driburg.de\/index.php\/2026\/01\/01\/jahresrueckblick-2025\/\">Jahresr\u00fcckblick 2025<\/a><\/h4><p class=\"meta\"><span>1. Januar 2026<\/span><span class=\"fusion-inline-sep\">|<\/span><a href=\"https:\/\/www.rv-bad-driburg.de\/index.php\/category\/allgemein\/\" rel=\"category tag\">Allgemein<\/a><span class=\"fusion-inline-sep\">|<\/span><\/p><\/div><\/article><article class=\"post fusion-column column col-lg-2 col-md-2 col-sm-2\"><div class=\"fusion-flexslider fusion-flexslider-loading flexslider flexslider-hover-type-none\"><ul class=\"slides\"><li><a href=\"https:\/\/www.rv-bad-driburg.de\/index.php\/2025\/12\/30\/rueckblick-2025-von-volti-team-1\/\" aria-label=\"R\u00fcckblick 2025 von Volti-Team 1\" class=\"hover-type-none\"><img decoding=\"async\" width=\"630\" height=\"441\" src=\"https:\/\/www.rv-bad-driburg.de\/wp-content\/uploads\/2021\/12\/Volti_Team-Bad-Driburg-630x441.jpg\" class=\"attachment-recent-posts size-recent-posts\" alt=\"\" \/><\/a><\/li><\/ul><\/div><div class=\"recent-posts-content\"><h4 class=\"\"><a href=\"https:\/\/www.rv-bad-driburg.de\/index.php\/2025\/12\/30\/rueckblick-2025-von-volti-team-1\/\">R\u00fcckblick 2025 von Volti-Team 1<\/a><\/h4><p class=\"meta\"><span>30. Dezember 2025<\/span><span class=\"fusion-inline-sep\">|<\/span><a href=\"https:\/\/www.rv-bad-driburg.de\/index.php\/category\/allgemein\/\" rel=\"category tag\">Allgemein<\/a>, <a href=\"https:\/\/www.rv-bad-driburg.de\/index.php\/category\/turniere\/\" rel=\"category tag\">Turniere<\/a>, <a href=\"https:\/\/www.rv-bad-driburg.de\/index.php\/category\/voltigieren\/\" rel=\"category tag\">Voltigieren<\/a><span class=\"fusion-inline-sep\">|<\/span><\/p><\/div><\/article><\/section><\/div><\/div><\/div><\/div><\/div>\n","protected":false},"excerpt":{"rendered":"","protected":false},"author":2,"featured_media":0,"parent":0,"menu_order":0,"comment_status":"closed","ping_status":"closed","template":"","meta":{"footnotes":""},"class_list":["post-46","page","type-page","status-publish","hentry"],"_links":{"self":[{"href":"https:\/\/www.rv-bad-driburg.de\/index.php\/wp-json\/wp\/v2\/pages\/46","targetHints":{"allow":["GET"]}}],"collection":[{"href":"https:\/\/www.rv-bad-driburg.de\/index.php\/wp-json\/wp\/v2\/pages"}],"about":[{"href":"https:\/\/www.rv-bad-driburg.de\/index.php\/wp-json\/wp\/v2\/types\/page"}],"author":[{"embeddable":true,"href":"https:\/\/www.rv-bad-driburg.de\/index.php\/wp-json\/wp\/v2\/users\/2"}],"replies":[{"embeddable":true,"href":"https:\/\/www.rv-bad-driburg.de\/index.php\/wp-json\/wp\/v2\/comments?post=46"}],"version-history":[{"count":19,"href":"https:\/\/www.rv-bad-driburg.de\/index.php\/wp-json\/wp\/v2\/pages\/46\/revisions"}],"predecessor-version":[{"id":7307,"href":"https:\/\/www.rv-bad-driburg.de\/index.php\/wp-json\/wp\/v2\/pages\/46\/revisions\/7307"}],"wp:attachment":[{"href":"https:\/\/www.rv-bad-driburg.de\/index.php\/wp-json\/wp\/v2\/media?parent=46"}],"curies":[{"name":"wp","href":"https:\/\/api.w.org\/{rel}","templated":true}]}}