{"id":353,"date":"2021-12-18T22:16:02","date_gmt":"2021-12-18T21:16:02","guid":{"rendered":"https:\/\/test.rv-bad-driburg.de\/?page_id=353"},"modified":"2022-07-30T21:21:34","modified_gmt":"2022-07-30T19:21:34","slug":"jugendordnung","status":"publish","type":"page","link":"https:\/\/www.rv-bad-driburg.de\/index.php\/jugendordnung\/","title":{"rendered":"Jugendordnung"},"content":{"rendered":"<div class=\"fusion-fullwidth fullwidth-box fusion-builder-row-1 fusion-flex-container nonhundred-percent-fullwidth non-hundred-percent-height-scrolling\" style=\"--awb-border-radius-top-left:0px;--awb-border-radius-top-right:0px;--awb-border-radius-bottom-right:0px;--awb-border-radius-bottom-left:0px;--awb-flex-wrap:wrap;\" ><div class=\"fusion-builder-row fusion-row fusion-flex-align-items-flex-start fusion-flex-content-wrap\" style=\"max-width:1248px;margin-left: calc(-4% \/ 2 );margin-right: calc(-4% \/ 2 );\"><div class=\"fusion-layout-column fusion_builder_column fusion-builder-column-0 fusion_builder_column_1_1 1_1 fusion-flex-column\" style=\"--awb-bg-size:cover;--awb-width-large:100%;--awb-margin-top-large:0px;--awb-spacing-right-large:1.92%;--awb-margin-bottom-large:20px;--awb-spacing-left-large:1.92%;--awb-width-medium:100%;--awb-order-medium:0;--awb-spacing-right-medium:1.92%;--awb-spacing-left-medium:1.92%;--awb-width-small:100%;--awb-order-small:0;--awb-spacing-right-small:1.92%;--awb-spacing-left-small:1.92%;\"><div class=\"fusion-column-wrapper fusion-column-has-shadow fusion-flex-justify-content-flex-start fusion-content-layout-column\"><div class=\"fusion-title title fusion-title-1 fusion-sep-none fusion-title-text fusion-title-size-one\" style=\"--awb-margin-top-small:10px;--awb-margin-right-small:0px;--awb-margin-bottom-small:10px;--awb-margin-left-small:0px;\"><h1 class=\"fusion-title-heading title-heading-left\" style=\"margin:0;\"><h1 style=\"text-align: center;\">Die Jugendordnung der Vereinsjugend des Reitervereins Bad Driburg e.V.<\/h1><\/h1><\/div><div class=\"fusion-text fusion-text-1\" style=\"--awb-text-transform:none;\"><div><\/div>\n<div>Die Jugendordnung des RV Bad Driburg wurde durch den Gesamtvorstand genehmigt und am 21.02.2020 durch die Jugendversammlung beschlossen, somit tritt diese am 21.02.2020 in Kraft.<\/div>\n<div><\/div>\n<div><\/div>\n<div>Pr\u00e4ambel: Der Verein und die Vereinsjugend treten f\u00fcr einen manipulationsfreien Kinder- und Jugendsport und f\u00fcr Fairness im Sport ein. Sie verurteilen jegliche Form der Gewalt und des Missbrauchs, unabh\u00e4ngig davon, ob diese\/r k\u00f6rperlicher, seelischer, sexueller und anderer Art ist.<\/div>\n<div>\u00a71 Name und Mitgliedschaft<\/div>\n<div>Gem\u00e4\u00df \u00a7 19 der Satzung des Reitervereins Bad Driburg e.V. gibt sich die Vereinsjugend diese Jugendordnung.<br \/>\nDie Vereinsjugend des Reiterverein Bad Driburg ist die Gemeinschaft aller Mitglieder bis zur Vollendung des 27. Lebensjahres und ist zust\u00e4ndig f\u00fcr alle Jugendangelegenheiten des Vereins.<br \/>\nDie Vereinsjugend f\u00fchrt und verwaltet sich selbst\u00e4ndig und entscheidet \u00fcber die ihr zuflie\u00dfenden Mittel unter Ber\u00fccksichtigung der Gemeinn\u00fctzigkeit des Vereins.<br \/>\nDie Vereinsjugend ist steuerrechtlich unselbstst\u00e4ndig und unterliegt, soweit die folgenden Regelungen nicht abweichen, der Satzung des Vereins.<\/div>\n<div>\u00a72 Zweck und Aufgaben<\/div>\n<div>Die Vereinsjugend f\u00f6rdert die Kinder- und Jugendarbeit im Rahmen der satzungsm\u00e4\u00dfigen Aufgaben des Reitervereins Bad Driburg e.V.<br \/>\nAufgaben der Vereinsjugend des Reiterverein Bad Driburg e.V. sind unter Beachtung der Grunds\u00e4tze des freiheitlichen, demokratischen und sozialen Rechtsstaates:<br \/>\na) die Vertretung der Interessen der Kinder- und Jugendlichen innerhalb des Vereins,<br \/>\nb) die F\u00f6rderung des Pferdesports als Teil der Jugendarbeit in seinen freizeit-, breiten- und leistungssportlichen Auspr\u00e4gungen;<br \/>\nc) Auseinandersetzung mit der Lebenssituation und den Gestaltungsm\u00f6glichkeiten von Jugendlichen, verbunden mit der Vermittlung von F\u00e4higkeiten, Verantwortung in der Gesellschaft zu \u00fcbernehmen;<br \/>\nd) Entwicklung neuer und zeitgem\u00e4\u00dfer Formen von Pferdesport und Bewegung, von Bildung und Geselligkeit;<br \/>\ne) die Organisation jugendgem\u00e4\u00dfer und au\u00dfersportlicher Aktivit\u00e4ten und Veranstaltungen<br \/>\nf) Zusammenarbeit mit anderen Erziehungs- und Jugendorganisationen<br \/>\ng) Die Erarbeitung und Anwendung eines Konzeptes zum Schutz von Kindern und Jugendlichen im Verein.<\/div>\n<div>\u00a73 Organe<\/div>\n<div>Organe der Vereinsjugend sind:<br \/>\na) Jugendversammlung und<br \/>\nb) Jugendvorstand<\/div>\n<div>\u00a74 Jugendversammlung<\/div>\n<div>a) Die Jugendversammlung setzt sich aus allen Kindern und Jugendlichen des Vereins bis 27 Jahren sowie den gew\u00e4hlten Mitgliedern des Jugendvorstands zusammen. Sie ist das oberste Organ der Jugend des Reiterverein Bad Driburg e.V.<br \/>\nb) Aufgaben der Jugendversammlung sind:<\/div>\n<ul>\n<li>\n<div>Festlegung der Grunds\u00e4tze und Richtlinien f\u00fcr die Vereinsjugendarbeit sowie f\u00fcr die Arbeit des Jugendvorstandes<\/div>\n<\/li>\n<li>\n<div>Entgegennahme der Berichte und des Jahresabschlusses des Jugendvorstandes;<\/div>\n<\/li>\n<li>\n<div>Entlastung und Wahl des Jugendvorstandes;<\/div>\n<\/li>\n<li>\n<div>Beschlussfassung \u00fcber vorliegende Antr\u00e4ge und Beratung \u00fcber Jugendveranstaltungen.<\/div>\n<\/li>\n<li>\n<div>Vorbereitung von Antr\u00e4gen der Vereinsjugend an den Verein<\/div>\n<\/li>\n<li>\n<div>Erlass und \u00c4nderung der Jugendordnung<\/div>\n<\/li>\n<\/ul>\n<div>c) Die Jugendversammlung findet j\u00e4hrlich mindestens einmal pro Kalenderjahr statt.<br \/>\nSie findet mindestens 2 Wochen vor der Mitgliederversammlung des Vereins statt und wird unter Bekanntgabe der Tagesordnung und der eingereichten Antr\u00e4ge schriftlich einberufen.<br \/>\nSie besteht aus allen Vereinsmitgliedern unter 27 Jahren sowie den Mitgliedern des Jugendvorstandes.<br \/>\nd) Stimmberechtigt sind alle Vereinsmitglieder von 10 bis 27 Jahren. Sie haben je eine pers\u00f6nliche, nicht \u00fcbertragbare, Stimme.<br \/>\ne) Der Jugendvorstand l\u00e4dt mindestens 2 Wochen vorher zu der Jugendversammlung ein. Die Einladung mit Tagesordnung erfolgt in Schriftform an alle Mitlieder der Vereinsjugend.<br \/>\nf) Auf Antrag einem Drittel aller stimmberechtigten Mitglieder der Vereinsjugend oder eines Beschlusses des Jugendvorstandes findet eine au\u00dferordentliche Jugendversammlung statt. \u00a74 e gilt entsprechend.<br \/>\ng) Die Jugendversammlung ist unabh\u00e4ngig von der Anzahl der Erschienenen beschlussf\u00e4hig. Abstimmungen und Wahlen erfolgen mit der Mehrheit der abgegebenen Stimmen, eine \u00c4nderung der Jugendordnung bedarf der Zustimmung von 2\/3 der abgegebenen Stimmen. Ung\u00fcltige Stimmen und Stimmenthaltungen bleiben jeweils unber\u00fccksichtigt.<\/div>\n<div>\u00a75 Jugendvorstand<\/div>\n<div>a) Der Jugendvorstand besteht aus<\/div>\n<ul>\n<li>\n<div>der ersten\/dem ersten Jugendwart*in,<\/div>\n<\/li>\n<li>\n<div>der zweiten\/dem zweiten Jugendwart*in und<\/div>\n<\/li>\n<li>\n<div>der\/dem Kassierer*in<\/div>\n<\/li>\n<\/ul>\n<div>Die\/der 1. Jugendwart*in ist Mitglied des Gesamtvorstandes nach \u00a7 19 Abs. 3 und wird im Verhinderungsfall durch die\/den 2. Jugendwart*in vertreten.<br \/>\nb) Aufgaben des Jugendvorstandes sind neben der Durchsetzung der von der Jugendversammlung beratenen und beschlossenen Vorhaben insbesondere die Vertretung der Vereinsjugendinteressen nach innen und au\u00dfen.<br \/>\nc) In den Jugendvorstand ist jedes Vereinsmitglied w\u00e4hlbar. Die Mitglieder des Jugendvorstandes sollen mindestens 16 Jahre alt sein, wobei mindestens ein Vorstandsmitglied das 18. Lebensjahr vollendet haben muss.<br \/>\nd) Mindestens die H\u00e4lfte der Vereinsmitglieder muss unter 27 Jahre alt sein.<br \/>\ne) Die Mitglieder des Jugendvorstandes werden von der Jugendversammlung auf 3 Jahre gew\u00e4hlt und bleiben bis zur Neuwahl des Jugendvorstandes im Amt.<br \/>\nf) Der Jugendvorstand erf\u00fcllt seine Aufgaben im Rahmen der Jugendordnung, der Beschl\u00fcsse der Jugendversammlung und der Vereinssatzung.<br \/>\ng) Der Jugendvorstand fasst seine Beschl\u00fcsse mit der Mehrheit der abgegebenen Stimmen. Bei Stimmengleichheit gibt die Stimme der\/des ersten Jugendwart*in den Ausschlag. Im \u00dcbrigen regelt der Jugendvorstand die Arbeitsweise nach eigenem Ermessen.<br \/>\nh) Der Jugendvorstand kann zur Organisation einzelner Aktivit\u00e4ten und Veranstaltungen, Arbeitsgruppen einrichten und deren Mitglieder berufen.<\/div>\n<div>\u00a76 \u00c4nderungen und Inkrafttreten der Jugendordnung<\/div>\n<div>\u00c4nderungen der Jugendordnung k\u00f6nnen nur von einer ordentlichen Jugendversammlung oder einer speziell zu diesem Zweck einberufenen Jugendversammlung beschlossen werden, wenn auf diesen Tagesordnungspunkt in der Einladung hingewiesen wurde. Sie bed\u00fcrfen der Zustimmung von mindestens 2\/3 der anwesenden Stimmberechtigten.<br \/>\nDie Jugendordnung oder deren \u00c4nderungen treten in Kraft, wenn sie durch die Jugendversammlung beschlossen und vom Gesamtvorstand des Reiterverein Bad Driburg e.V. genehmigt worden sind.<\/div>\n<\/div><div class=\"fusion-separator fusion-full-width-sep\" style=\"align-self: center;margin-left: auto;margin-right: auto;width:100%;\"><div class=\"fusion-separator-border sep-double\" style=\"--awb-height:20px;--awb-amount:20px;border-color:var(--awb-color3);border-top-width:1px;border-bottom-width:1px;\"><\/div><\/div><div class=\"fusion-text fusion-text-2\" style=\"--awb-text-transform:none;\"><p style=\"text-align: left;\"><strong>Unsere Jugendordnung als PDF-Dokument zum Download finden sie <a href=\"http:\/\/rv-bad-driburg.de\/wp-content\/uploads\/2021\/11\/Jugendordnung_ReitervereinBadDriburg.pdf\">hier<\/a>.<\/strong><\/p>\n<\/div><\/div><\/div><\/div><\/div>\n","protected":false},"excerpt":{"rendered":"","protected":false},"author":2,"featured_media":0,"parent":0,"menu_order":0,"comment_status":"closed","ping_status":"closed","template":"","meta":{"footnotes":""},"class_list":["post-353","page","type-page","status-publish","hentry"],"_links":{"self":[{"href":"https:\/\/www.rv-bad-driburg.de\/index.php\/wp-json\/wp\/v2\/pages\/353","targetHints":{"allow":["GET"]}}],"collection":[{"href":"https:\/\/www.rv-bad-driburg.de\/index.php\/wp-json\/wp\/v2\/pages"}],"about":[{"href":"https:\/\/www.rv-bad-driburg.de\/index.php\/wp-json\/wp\/v2\/types\/page"}],"author":[{"embeddable":true,"href":"https:\/\/www.rv-bad-driburg.de\/index.php\/wp-json\/wp\/v2\/users\/2"}],"replies":[{"embeddable":true,"href":"https:\/\/www.rv-bad-driburg.de\/index.php\/wp-json\/wp\/v2\/comments?post=353"}],"version-history":[{"count":3,"href":"https:\/\/www.rv-bad-driburg.de\/index.php\/wp-json\/wp\/v2\/pages\/353\/revisions"}],"predecessor-version":[{"id":496,"href":"https:\/\/www.rv-bad-driburg.de\/index.php\/wp-json\/wp\/v2\/pages\/353\/revisions\/496"}],"wp:attachment":[{"href":"https:\/\/www.rv-bad-driburg.de\/index.php\/wp-json\/wp\/v2\/media?parent=353"}],"curies":[{"name":"wp","href":"https:\/\/api.w.org\/{rel}","templated":true}]}}