{"id":340,"date":"2021-12-18T21:57:50","date_gmt":"2021-12-18T20:57:50","guid":{"rendered":"https:\/\/test.rv-bad-driburg.de\/?page_id=340"},"modified":"2022-07-30T21:37:50","modified_gmt":"2022-07-30T19:37:50","slug":"vereinsjugend","status":"publish","type":"page","link":"https:\/\/www.rv-bad-driburg.de\/index.php\/vereinsjugend\/","title":{"rendered":"Vereinsjugend"},"content":{"rendered":"<div class=\"fusion-fullwidth fullwidth-box fusion-builder-row-1 fusion-flex-container nonhundred-percent-fullwidth non-hundred-percent-height-scrolling\" style=\"--awb-border-radius-top-left:0px;--awb-border-radius-top-right:0px;--awb-border-radius-bottom-right:0px;--awb-border-radius-bottom-left:0px;--awb-flex-wrap:wrap;\" ><div class=\"fusion-builder-row fusion-row fusion-flex-align-items-flex-start fusion-flex-content-wrap\" style=\"max-width:1248px;margin-left: calc(-4% \/ 2 );margin-right: calc(-4% \/ 2 );\"><div class=\"fusion-layout-column fusion_builder_column fusion-builder-column-0 fusion_builder_column_1_1 1_1 fusion-flex-column\" style=\"--awb-bg-size:cover;--awb-width-large:100%;--awb-margin-top-large:0px;--awb-spacing-right-large:1.92%;--awb-margin-bottom-large:20px;--awb-spacing-left-large:1.92%;--awb-width-medium:100%;--awb-order-medium:0;--awb-spacing-right-medium:1.92%;--awb-spacing-left-medium:1.92%;--awb-width-small:100%;--awb-order-small:0;--awb-spacing-right-small:1.92%;--awb-spacing-left-small:1.92%;\"><div class=\"fusion-column-wrapper fusion-column-has-shadow fusion-flex-justify-content-flex-start fusion-content-layout-column\"><div class=\"fusion-text fusion-text-1\" style=\"--awb-text-transform:none;\"><h1 style=\"text-align: center;\">Vereinsjugend<\/h1>\n<\/div><div class=\"fusion-image-element \" style=\"text-align:center;--awb-caption-title-font-family:var(--h2_typography-font-family);--awb-caption-title-font-weight:var(--h2_typography-font-weight);--awb-caption-title-font-style:var(--h2_typography-font-style);--awb-caption-title-size:var(--h2_typography-font-size);--awb-caption-title-transform:var(--h2_typography-text-transform);--awb-caption-title-line-height:var(--h2_typography-line-height);--awb-caption-title-letter-spacing:var(--h2_typography-letter-spacing);\"><span class=\" fusion-imageframe imageframe-none imageframe-1 hover-type-none\"><img decoding=\"async\" width=\"1080\" height=\"1070\" title=\"Vereinsjugend_Kollage\" src=\"http:\/\/rv-bad-driburg.de\/wp-content\/uploads\/2021\/12\/Vereinsjugend_Kollage.jpg\" alt class=\"img-responsive wp-image-338\" srcset=\"https:\/\/www.rv-bad-driburg.de\/wp-content\/uploads\/2021\/12\/Vereinsjugend_Kollage-200x198.jpg 200w, https:\/\/www.rv-bad-driburg.de\/wp-content\/uploads\/2021\/12\/Vereinsjugend_Kollage-400x396.jpg 400w, https:\/\/www.rv-bad-driburg.de\/wp-content\/uploads\/2021\/12\/Vereinsjugend_Kollage-600x594.jpg 600w, https:\/\/www.rv-bad-driburg.de\/wp-content\/uploads\/2021\/12\/Vereinsjugend_Kollage-800x793.jpg 800w, https:\/\/www.rv-bad-driburg.de\/wp-content\/uploads\/2021\/12\/Vereinsjugend_Kollage.jpg 1080w\" sizes=\"(max-width: 640px) 100vw, 1080px\" \/><\/span><\/div><div class=\"fusion-text fusion-text-2\" style=\"--awb-text-transform:none;\"><p style=\"text-align: left;\">Ein Herzst\u00fcck des Reitervereins ist die Jugendabteilung, die mehr als die H\u00e4lfte der Mitglieder stellt. F\u00fcr die Kinder und Jugendlichen wird im Verein neben dem Reiten und Voltigieren eine Menge geboten, wie z.B.: Pferdekino, Tauschtag, Kletterpark, Umwelttag, Sommerfest mit \u00dcbernachtung, Selbstverteidigungskurs, Sporttag, Teilnahme am Karnevalsumzug, Vereinsfahrten, Kinderbewegungsabzeichen, Halloweenparty, Kanu-Tour und noch vieles mehr!<\/p>\n<\/div><\/div><\/div><div class=\"fusion-layout-column fusion_builder_column fusion-builder-column-1 fusion_builder_column_1_2 1_2 fusion-flex-column\" style=\"--awb-bg-size:cover;--awb-width-large:50%;--awb-margin-top-large:0px;--awb-spacing-right-large:3.84%;--awb-margin-bottom-large:20px;--awb-spacing-left-large:3.84%;--awb-width-medium:50%;--awb-order-medium:0;--awb-spacing-right-medium:3.84%;--awb-spacing-left-medium:3.84%;--awb-width-small:100%;--awb-order-small:0;--awb-spacing-right-small:1.92%;--awb-spacing-left-small:1.92%;\"><div class=\"fusion-column-wrapper fusion-column-has-shadow fusion-flex-justify-content-flex-start fusion-content-layout-column\"><div class=\"fusion-image-element \" style=\"text-align:center;--awb-caption-title-font-family:var(--h2_typography-font-family);--awb-caption-title-font-weight:var(--h2_typography-font-weight);--awb-caption-title-font-style:var(--h2_typography-font-style);--awb-caption-title-size:var(--h2_typography-font-size);--awb-caption-title-transform:var(--h2_typography-text-transform);--awb-caption-title-line-height:var(--h2_typography-line-height);--awb-caption-title-letter-spacing:var(--h2_typography-letter-spacing);\"><span class=\" fusion-imageframe imageframe-none imageframe-2 hover-type-none\"><img decoding=\"async\" width=\"1080\" height=\"1643\" title=\"Vereinsjugend_Auszeichnung2019\" src=\"http:\/\/rv-bad-driburg.de\/wp-content\/uploads\/2021\/12\/Vereinsjugend_Auszeichnung2019.jpg\" alt class=\"img-responsive wp-image-336\" srcset=\"https:\/\/www.rv-bad-driburg.de\/wp-content\/uploads\/2021\/12\/Vereinsjugend_Auszeichnung2019-200x304.jpg 200w, https:\/\/www.rv-bad-driburg.de\/wp-content\/uploads\/2021\/12\/Vereinsjugend_Auszeichnung2019-400x609.jpg 400w, https:\/\/www.rv-bad-driburg.de\/wp-content\/uploads\/2021\/12\/Vereinsjugend_Auszeichnung2019-600x913.jpg 600w, https:\/\/www.rv-bad-driburg.de\/wp-content\/uploads\/2021\/12\/Vereinsjugend_Auszeichnung2019-800x1217.jpg 800w, https:\/\/www.rv-bad-driburg.de\/wp-content\/uploads\/2021\/12\/Vereinsjugend_Auszeichnung2019.jpg 1080w\" sizes=\"(max-width: 640px) 100vw, 600px\" \/><\/span><\/div><\/div><\/div><div class=\"fusion-layout-column fusion_builder_column fusion-builder-column-2 fusion_builder_column_1_2 1_2 fusion-flex-column\" style=\"--awb-bg-size:cover;--awb-width-large:50%;--awb-margin-top-large:0px;--awb-spacing-right-large:3.84%;--awb-margin-bottom-large:20px;--awb-spacing-left-large:3.84%;--awb-width-medium:50%;--awb-order-medium:0;--awb-spacing-right-medium:3.84%;--awb-spacing-left-medium:3.84%;--awb-width-small:100%;--awb-order-small:0;--awb-spacing-right-small:1.92%;--awb-spacing-left-small:1.92%;\"><div class=\"fusion-column-wrapper fusion-column-has-shadow fusion-flex-justify-content-flex-start fusion-content-layout-column\"><div class=\"fusion-text fusion-text-3\" style=\"--awb-text-transform:none;\"><div style=\"text-align: left;\">F\u00fcr das au\u00dferordentliche Engagement im au\u00dfersportlichen Bereich sowie das besondere Augenmerk auf den Kinder- und Jugenschutz wurde unsere Jugendabteilung durch den Kreissportbund H\u00f6xter e.V. am 19.12.2019 mit dem <strong>Kinder- und Jugendsportsonderpreis 2019<\/strong> ausgezeichnet!<\/div>\n<\/div><\/div><\/div><\/div><\/div>\n","protected":false},"excerpt":{"rendered":"","protected":false},"author":2,"featured_media":0,"parent":0,"menu_order":0,"comment_status":"closed","ping_status":"closed","template":"","meta":{"footnotes":""},"class_list":["post-340","page","type-page","status-publish","hentry"],"_links":{"self":[{"href":"https:\/\/www.rv-bad-driburg.de\/index.php\/wp-json\/wp\/v2\/pages\/340","targetHints":{"allow":["GET"]}}],"collection":[{"href":"https:\/\/www.rv-bad-driburg.de\/index.php\/wp-json\/wp\/v2\/pages"}],"about":[{"href":"https:\/\/www.rv-bad-driburg.de\/index.php\/wp-json\/wp\/v2\/types\/page"}],"author":[{"embeddable":true,"href":"https:\/\/www.rv-bad-driburg.de\/index.php\/wp-json\/wp\/v2\/users\/2"}],"replies":[{"embeddable":true,"href":"https:\/\/www.rv-bad-driburg.de\/index.php\/wp-json\/wp\/v2\/comments?post=340"}],"version-history":[{"count":2,"href":"https:\/\/www.rv-bad-driburg.de\/index.php\/wp-json\/wp\/v2\/pages\/340\/revisions"}],"predecessor-version":[{"id":504,"href":"https:\/\/www.rv-bad-driburg.de\/index.php\/wp-json\/wp\/v2\/pages\/340\/revisions\/504"}],"wp:attachment":[{"href":"https:\/\/www.rv-bad-driburg.de\/index.php\/wp-json\/wp\/v2\/media?parent=340"}],"curies":[{"name":"wp","href":"https:\/\/api.w.org\/{rel}","templated":true}]}}