{"id":204,"date":"2021-12-02T12:51:25","date_gmt":"2021-12-02T11:51:25","guid":{"rendered":"https:\/\/test.rv-bad-driburg.de\/?page_id=204"},"modified":"2023-10-11T12:20:34","modified_gmt":"2023-10-11T10:20:34","slug":"bahnregeln","status":"publish","type":"page","link":"https:\/\/www.rv-bad-driburg.de\/index.php\/bahnregeln\/","title":{"rendered":"Bahnregeln"},"content":{"rendered":"<div class=\"fusion-fullwidth fullwidth-box fusion-builder-row-1 fusion-flex-container nonhundred-percent-fullwidth non-hundred-percent-height-scrolling\" style=\"--awb-border-radius-top-left:0px;--awb-border-radius-top-right:0px;--awb-border-radius-bottom-right:0px;--awb-border-radius-bottom-left:0px;--awb-flex-wrap:wrap;\" ><div class=\"fusion-builder-row fusion-row fusion-flex-align-items-flex-start fusion-flex-content-wrap\" style=\"max-width:1248px;margin-left: calc(-4% \/ 2 );margin-right: calc(-4% \/ 2 );\"><div class=\"fusion-layout-column fusion_builder_column fusion-builder-column-0 fusion_builder_column_1_1 1_1 fusion-flex-column\" style=\"--awb-bg-size:cover;--awb-width-large:100%;--awb-margin-top-large:0px;--awb-spacing-right-large:1.92%;--awb-margin-bottom-large:20px;--awb-spacing-left-large:1.92%;--awb-width-medium:100%;--awb-order-medium:0;--awb-spacing-right-medium:1.92%;--awb-spacing-left-medium:1.92%;--awb-width-small:100%;--awb-order-small:0;--awb-spacing-right-small:1.92%;--awb-spacing-left-small:1.92%;\"><div class=\"fusion-column-wrapper fusion-column-has-shadow fusion-flex-justify-content-flex-start fusion-content-layout-column\"><div class=\"fusion-title title fusion-title-1 fusion-sep-none fusion-title-text fusion-title-size-one\" style=\"--awb-margin-top-small:10px;--awb-margin-right-small:0px;--awb-margin-bottom-small:10px;--awb-margin-left-small:0px;\"><h1 class=\"fusion-title-heading title-heading-left\" style=\"margin:0;\"><h1>Bahnregeln<\/h1><\/h1><\/div><div class=\"fusion-text fusion-text-1\" style=\"--awb-text-transform:none;\"><div align=\"justify\">\n<p>Damit alle reiten k\u00f6nnen, ohne sich gegenseitig zu behindern, gibt es Regeln, die jedem Reiter bekannt sein und an die sich alle halten sollten, n\u00e4mlich nachstehende Bahnregeln:<\/p>\n<\/div>\n<ul>\n<li>\n<div align=\"justify\">Vor dem Betreten einer Reitbahn, bzw. vor dem \u00d6ffnen der T\u00fcr vergewissert man sich durch rufen von &#8222;T\u00fcr frei&#8220;, ob man reinkommen kann. Bekommt man zu Antwort &#8222;T\u00fcr ist frei&#8220;, kann man gefahrlos in die Halle kommen. Das gleiche gilt auch f\u00fcr das Verlassen der Bahn.<\/div>\n<\/li>\n<li>\n<div align=\"justify\">Auf- und Absitzen, sowie Halten zum Nachgurten etc. erfolgt stets in einer Zirkelmitte oder auf der Mittellinie.<\/div>\n<\/li>\n<li>\n<div align=\"justify\">Von anderen Pferden ist immer ein ausreichender Sicherheitsabstand nach vorne (eine Pferdel\u00e4nge) bzw. Zwischenraum zur Seite (3 Schritte) zu halten. Um seinen Abstand in der Abteilung zu kontrollieren, gibt es einen kleinen Trick: Sieh einmal zwischen den Ohren Deines Pferdes hindurch. Kannst Du die Hufe, oder zumindest die Sprunggelenke des Vorderpferdes sehen ? Wenn ja, dann ist Dein Abstand richtig.<\/div>\n<\/li>\n<li>\n<div align=\"justify\">Schrittreitende oder pausierende Reiter geben trabenden oder galoppierenden Reitern den Hufschlag frei. Es sollte erst auf dem 2. Hufschlag durchpariert werden.<\/div>\n<\/li>\n<li>\n<div align=\"justify\">Reiter auf dem Zirkel geben Reitern auf dem Hufschlag das Vorrecht : &#8222;Ganze Bahn&#8220; geht vor &#8222;Zirkel&#8220;. Dies gilt auf beiden H\u00e4nden.<\/div>\n<\/li>\n<li>\n<div align=\"justify\">Wird gleichzeitig auf beiden Zirkeln geritten, ist rechts auszuweichen. Den auf der linken Hand reitenden Reitern geh\u00f6rt der Hufschlag, es sei denn, sie sind auf dem Zirkel ( siehe vorherige Regel ).<\/div>\n<\/li>\n<li>\n<div align=\"justify\">Wird auf einer Hand geritten und ein Handwechsel wird angeordnet, bleiben die Reiter, die bereits die Hand gewechselt haben, auf dem Hufschlag. Reiter die den Handwechsel noch durchf\u00fchren, m\u00fcssen ausweichen.<\/div>\n<\/li>\n<li>\n<div align=\"justify\">Longieren von Pferden in der Bahn ist nur mit Einverst\u00e4ndnis aller anwesenden Reiter erlaubt. Bei mehr als 3 Reitern in der Bahn und w\u00e4hrend des Reitunterrichts sollte verzichtet werden.<\/div>\n<\/li>\n<\/ul>\n<\/div><div class=\"fusion-text fusion-text-2\" style=\"--awb-text-transform:none;\"><h2>Bahnpunkte<\/h2>\n<p>Eine &#8222;durchschnittliche&#8220; Reithalle, &#8222;durchschnittlicher&#8220; Reitplatz ist in der Regel 20 x 40m gro\u00df. Beim Reiten orientiert man sich an Buchstaben, und zwar wie folgt:<\/p>\n<ul>\n<li>\n<div align=\"justify\">Die Buchstaben A und C kennzeichnen jeweils die Mitte der kurzen Seite.<\/div>\n<\/li>\n<li>\n<div align=\"justify\">B und E, auch als halbe Bahnpunkte bezeichnet, befinden sich Mitte der langen Seiten.<\/div>\n<\/li>\n<li>\n<div align=\"justify\">Die vier Wechselpunkte M, F, K und H sind je 6 Meter von der kurzen Seite entfernt.<\/div>\n<\/li>\n<li>\n<div align=\"justify\">Die Punkte D und G befinden sich auf der Mittellinie, jeweils zwischen den Wechselpunkt.<\/div>\n<\/li>\n<li>\n<div align=\"justify\">Als Mittelpunkt der Bahn bezeichnet man den Punkt X.<\/div>\n<\/li>\n<li>\n<div align=\"justify\">Zus\u00e4tzlich m\u00fcssen die Zirkelpunkte mit einem Punkt gekennzeichnet werden.<\/div>\n<\/li>\n<\/ul>\n<\/div><div class=\"fusion-image-element \" style=\"text-align:center;--awb-caption-title-font-family:var(--h2_typography-font-family);--awb-caption-title-font-weight:var(--h2_typography-font-weight);--awb-caption-title-font-style:var(--h2_typography-font-style);--awb-caption-title-size:var(--h2_typography-font-size);--awb-caption-title-transform:var(--h2_typography-text-transform);--awb-caption-title-line-height:var(--h2_typography-line-height);--awb-caption-title-letter-spacing:var(--h2_typography-letter-spacing);\"><span class=\" fusion-imageframe imageframe-none imageframe-1 hover-type-none\"><img decoding=\"async\" width=\"300\" height=\"172\" title=\"bahnpunkte\" src=\"https:\/\/www.rv-bad-driburg.de\/wp-content\/uploads\/2021\/12\/bahnpunkte-300x172.png\" alt class=\"img-responsive wp-image-205\" srcset=\"https:\/\/www.rv-bad-driburg.de\/wp-content\/uploads\/2021\/12\/bahnpunkte-200x115.png 200w, https:\/\/www.rv-bad-driburg.de\/wp-content\/uploads\/2021\/12\/bahnpunkte-400x229.png 400w, https:\/\/www.rv-bad-driburg.de\/wp-content\/uploads\/2021\/12\/bahnpunkte.png 441w\" sizes=\"(max-width: 640px) 100vw, 300px\" \/><\/span><\/div><\/div><\/div><\/div><\/div>\n","protected":false},"excerpt":{"rendered":"","protected":false},"author":2,"featured_media":0,"parent":0,"menu_order":0,"comment_status":"closed","ping_status":"closed","template":"","meta":{"footnotes":""},"class_list":["post-204","page","type-page","status-publish","hentry"],"_links":{"self":[{"href":"https:\/\/www.rv-bad-driburg.de\/index.php\/wp-json\/wp\/v2\/pages\/204","targetHints":{"allow":["GET"]}}],"collection":[{"href":"https:\/\/www.rv-bad-driburg.de\/index.php\/wp-json\/wp\/v2\/pages"}],"about":[{"href":"https:\/\/www.rv-bad-driburg.de\/index.php\/wp-json\/wp\/v2\/types\/page"}],"author":[{"embeddable":true,"href":"https:\/\/www.rv-bad-driburg.de\/index.php\/wp-json\/wp\/v2\/users\/2"}],"replies":[{"embeddable":true,"href":"https:\/\/www.rv-bad-driburg.de\/index.php\/wp-json\/wp\/v2\/comments?post=204"}],"version-history":[{"count":3,"href":"https:\/\/www.rv-bad-driburg.de\/index.php\/wp-json\/wp\/v2\/pages\/204\/revisions"}],"predecessor-version":[{"id":6591,"href":"https:\/\/www.rv-bad-driburg.de\/index.php\/wp-json\/wp\/v2\/pages\/204\/revisions\/6591"}],"wp:attachment":[{"href":"https:\/\/www.rv-bad-driburg.de\/index.php\/wp-json\/wp\/v2\/media?parent=204"}],"curies":[{"name":"wp","href":"https:\/\/api.w.org\/{rel}","templated":true}]}}