{"id":190,"date":"2021-12-02T12:37:47","date_gmt":"2021-12-02T11:37:47","guid":{"rendered":"https:\/\/test.rv-bad-driburg.de\/?page_id=190"},"modified":"2023-11-21T12:52:02","modified_gmt":"2023-11-21T11:52:02","slug":"reiten","status":"publish","type":"page","link":"https:\/\/www.rv-bad-driburg.de\/index.php\/reiten\/","title":{"rendered":"Reiten"},"content":{"rendered":"<div class=\"fusion-fullwidth fullwidth-box fusion-builder-row-1 fusion-flex-container nonhundred-percent-fullwidth non-hundred-percent-height-scrolling\" style=\"--awb-border-radius-top-left:0px;--awb-border-radius-top-right:0px;--awb-border-radius-bottom-right:0px;--awb-border-radius-bottom-left:0px;--awb-flex-wrap:wrap;\" ><div class=\"fusion-builder-row fusion-row fusion-flex-align-items-flex-start fusion-flex-content-wrap\" style=\"max-width:1248px;margin-left: calc(-4% \/ 2 );margin-right: calc(-4% \/ 2 );\"><div class=\"fusion-layout-column fusion_builder_column fusion-builder-column-0 fusion_builder_column_1_1 1_1 fusion-flex-column\" style=\"--awb-bg-size:cover;--awb-width-large:100%;--awb-margin-top-large:0px;--awb-spacing-right-large:1.92%;--awb-margin-bottom-large:20px;--awb-spacing-left-large:1.92%;--awb-width-medium:100%;--awb-order-medium:0;--awb-spacing-right-medium:1.92%;--awb-spacing-left-medium:1.92%;--awb-width-small:100%;--awb-order-small:0;--awb-spacing-right-small:1.92%;--awb-spacing-left-small:1.92%;\"><div class=\"fusion-column-wrapper fusion-column-has-shadow fusion-flex-justify-content-flex-start fusion-content-layout-column\"><div class=\"fusion-title title fusion-title-1 fusion-sep-none fusion-title-text fusion-title-size-one\" style=\"--awb-margin-top-small:10px;--awb-margin-right-small:0px;--awb-margin-bottom-small:10px;--awb-margin-left-small:0px;\"><h1 class=\"fusion-title-heading title-heading-left\" style=\"margin:0;\"><h1 style=\"text-align: center;\">Reiten im Reiterverein Bad Driburg e.V.<\/h1><\/h1><\/div><\/div><\/div><div class=\"fusion-layout-column fusion_builder_column fusion-builder-column-1 fusion_builder_column_1_2 1_2 fusion-flex-column\" style=\"--awb-bg-size:cover;--awb-width-large:50%;--awb-margin-top-large:0px;--awb-spacing-right-large:3.84%;--awb-margin-bottom-large:20px;--awb-spacing-left-large:3.84%;--awb-width-medium:50%;--awb-order-medium:0;--awb-spacing-right-medium:3.84%;--awb-spacing-left-medium:3.84%;--awb-width-small:100%;--awb-order-small:0;--awb-spacing-right-small:1.92%;--awb-spacing-left-small:1.92%;\"><div class=\"fusion-column-wrapper fusion-column-has-shadow fusion-flex-justify-content-flex-start fusion-content-layout-column\"><div class=\"fusion-text fusion-text-1\" style=\"--awb-text-transform:none;\"><div style=\"text-align: left;\">\n<p>In unseren vielen verschiedenen Unterrichtseinheiten in der Woche ist mit Sicherheit f\u00fcr jede Reiterin und jeden Reiter das Passende dabei:<\/p>\n<\/div>\n<div style=\"text-align: left;\">\n<p>Unser Angebot beinhaltet Longenunterricht, Anf\u00e4ngerunterricht und Reitstunden f\u00fcr Erwachsene und Wiedereinsteiger, Sitzschulung an der Longe sowie Springunterricht und Dressurstunden f\u00fcr Fortgeschrittene mit und ohne Turnierambitionen.<\/p>\n<\/div>\n<div>\n<p>Wir bieten Reitunterricht auf dem eigenen Pferd oder unseren <a href=\"https:\/\/www.rv-bad-driburg.de\/index.php\/vereinspferde\/\">Schulpferden<\/a> an. Wir m\u00f6chten jede Alters- und Leistungsklasse unterst\u00fctzen: von Anf\u00e4nger bis Fortgeschrittenen, von den J\u00fcngsten bis zu den Erwachsenen.<\/p>\n<\/div>\n<div>\n<p>Der Unterricht findet regul\u00e4r in Gruppen statt. Nach individueller Absprache ist aber auch Einzelunterricht m\u00f6glich.<\/p>\n<\/div>\n<div style=\"text-align: left;\">Bei Interesse meldet euch gerne \u00fcber unser Kontaktformular oder unter reiterverein-baddriburg@outlook.de<\/div>\n<\/div><\/div><\/div><div class=\"fusion-layout-column fusion_builder_column fusion-builder-column-2 fusion_builder_column_1_2 1_2 fusion-flex-column\" style=\"--awb-bg-size:cover;--awb-width-large:50%;--awb-margin-top-large:0px;--awb-spacing-right-large:3.84%;--awb-margin-bottom-large:20px;--awb-spacing-left-large:3.84%;--awb-width-medium:50%;--awb-order-medium:0;--awb-spacing-right-medium:3.84%;--awb-spacing-left-medium:3.84%;--awb-width-small:100%;--awb-order-small:0;--awb-spacing-right-small:1.92%;--awb-spacing-left-small:1.92%;\"><div class=\"fusion-column-wrapper fusion-column-has-shadow fusion-flex-justify-content-flex-start fusion-content-layout-column\"><div class=\"fusion-image-element \" style=\"--awb-caption-title-font-family:var(--h2_typography-font-family);--awb-caption-title-font-weight:var(--h2_typography-font-weight);--awb-caption-title-font-style:var(--h2_typography-font-style);--awb-caption-title-size:var(--h2_typography-font-size);--awb-caption-title-transform:var(--h2_typography-text-transform);--awb-caption-title-line-height:var(--h2_typography-line-height);--awb-caption-title-letter-spacing:var(--h2_typography-letter-spacing);\"><span class=\" fusion-imageframe imageframe-none imageframe-1 hover-type-none\"><img decoding=\"async\" width=\"1024\" height=\"768\" title=\"WhatsApp Image 2023-10-06 at 10.48.32(1)\" src=\"https:\/\/www.rv-bad-driburg.de\/wp-content\/uploads\/2023\/10\/WhatsApp-Image-2023-10-06-at-10.48.321-1024x768.jpeg\" alt class=\"img-responsive wp-image-6563\" srcset=\"https:\/\/www.rv-bad-driburg.de\/wp-content\/uploads\/2023\/10\/WhatsApp-Image-2023-10-06-at-10.48.321-200x150.jpeg 200w, https:\/\/www.rv-bad-driburg.de\/wp-content\/uploads\/2023\/10\/WhatsApp-Image-2023-10-06-at-10.48.321-400x300.jpeg 400w, https:\/\/www.rv-bad-driburg.de\/wp-content\/uploads\/2023\/10\/WhatsApp-Image-2023-10-06-at-10.48.321-600x450.jpeg 600w, https:\/\/www.rv-bad-driburg.de\/wp-content\/uploads\/2023\/10\/WhatsApp-Image-2023-10-06-at-10.48.321-800x600.jpeg 800w, https:\/\/www.rv-bad-driburg.de\/wp-content\/uploads\/2023\/10\/WhatsApp-Image-2023-10-06-at-10.48.321.jpeg 1080w\" sizes=\"(max-width: 640px) 100vw, 600px\" \/><\/span><\/div><\/div><\/div><\/div><\/div>\n","protected":false},"excerpt":{"rendered":"","protected":false},"author":2,"featured_media":0,"parent":0,"menu_order":0,"comment_status":"closed","ping_status":"closed","template":"","meta":{"footnotes":""},"class_list":["post-190","page","type-page","status-publish","hentry"],"_links":{"self":[{"href":"https:\/\/www.rv-bad-driburg.de\/index.php\/wp-json\/wp\/v2\/pages\/190","targetHints":{"allow":["GET"]}}],"collection":[{"href":"https:\/\/www.rv-bad-driburg.de\/index.php\/wp-json\/wp\/v2\/pages"}],"about":[{"href":"https:\/\/www.rv-bad-driburg.de\/index.php\/wp-json\/wp\/v2\/types\/page"}],"author":[{"embeddable":true,"href":"https:\/\/www.rv-bad-driburg.de\/index.php\/wp-json\/wp\/v2\/users\/2"}],"replies":[{"embeddable":true,"href":"https:\/\/www.rv-bad-driburg.de\/index.php\/wp-json\/wp\/v2\/comments?post=190"}],"version-history":[{"count":6,"href":"https:\/\/www.rv-bad-driburg.de\/index.php\/wp-json\/wp\/v2\/pages\/190\/revisions"}],"predecessor-version":[{"id":7230,"href":"https:\/\/www.rv-bad-driburg.de\/index.php\/wp-json\/wp\/v2\/pages\/190\/revisions\/7230"}],"wp:attachment":[{"href":"https:\/\/www.rv-bad-driburg.de\/index.php\/wp-json\/wp\/v2\/media?parent=190"}],"curies":[{"name":"wp","href":"https:\/\/api.w.org\/{rel}","templated":true}]}}